{"id":557,"date":"2026-03-29T12:49:43","date_gmt":"2026-03-29T12:49:43","guid":{"rendered":"https:\/\/ristoranteimbarcadero1892.com\/?page_id=557"},"modified":"2026-03-29T13:40:24","modified_gmt":"2026-03-29T13:40:24","slug":"privacy-policy","status":"publish","type":"page","link":"https:\/\/ristoranteimbarcadero1892.com\/en\/privacy-policy\/","title":{"rendered":"Privacy Policy"},"content":{"rendered":"<div data-elementor-type=\"wp-page\" data-elementor-id=\"557\" class=\"elementor elementor-557\">\n\t\t\t\t<div class=\"elementor-element elementor-element-91f742b e-flex e-con-boxed wpr-particle-no wpr-jarallax-no wpr-parallax-no wpr-sticky-section-no wpr-column-slider-no wpr-equal-height-no e-con e-parent\" data-id=\"91f742b\" data-element_type=\"container\" data-e-type=\"container\">\n\t\t\t\t\t<div class=\"e-con-inner\">\n\t\t\t\t<div class=\"elementor-element elementor-element-a02cecf elementor-widget elementor-widget-heading\" data-id=\"a02cecf\" data-element_type=\"widget\" data-e-type=\"widget\" data-widget_type=\"heading.default\">\n\t\t\t\t\t<h2 class=\"elementor-heading-title elementor-size-default\">Privacy Policy<\/h2>\t\t\t\t<\/div>\n\t\t\t\t\t<\/div>\n\t\t\t\t<\/div>\n\t\t<div class=\"elementor-element elementor-element-08a3709 e-flex e-con-boxed wpr-particle-no wpr-jarallax-no wpr-parallax-no wpr-sticky-section-no wpr-column-slider-no wpr-equal-height-no e-con e-parent\" data-id=\"08a3709\" data-element_type=\"container\" data-e-type=\"container\">\n\t\t\t\t\t<div class=\"e-con-inner\">\n\t\t\t\t<div class=\"elementor-element elementor-element-4c8ff84 elementor-widget elementor-widget-heading\" data-id=\"4c8ff84\" data-element_type=\"widget\" data-e-type=\"widget\" data-widget_type=\"heading.default\">\n\t\t\t\t\t<h2 class=\"elementor-heading-title elementor-size-default\">INFORMATIVA SULLA PRIVACY\n(Art. 13 e 14 Regolamento UE 2016\/679 \u2013 GDPR)\nDanioth S.r.l.\nUltimo aggiornamento: Marzo 2026<br>\n1. TITOLARE DEL TRATTAMENTO\nIl Titolare del trattamento \u00e8:\nDanioth S.r.l.\nEmail: info@ristoranteimbarcadero1892.com\nTelefono \/ WhatsApp: +39 351 693 9850<br>\n2. TIPOLOGIA DI DATI TRATTATI\nIl sito web e i canali di contatto possono raccogliere e trattare:\nDati identificativi: nome, cognome\nDati di contatto: email, numero di telefono\nDati di prenotazione: data, orario, numero di persone, eventuali richieste\nDati forniti volontariamente: tramite email, WhatsApp o form\nDati di navigazione: indirizzo IP, informazioni su dispositivo e browser\nCookie e tecnologie simili\n<img decoding=\"async\" role=\"img\" class=\"emoji\" alt=\"\u26a0\ufe0f\" src=\"https:\/\/s.w.org\/images\/core\/emoji\/17.0.2\/svg\/26a0.svg\"> Eventuali informazioni su allergie o preferenze alimentari sono fornite volontariamente dall\u2019utente.<br>\n3. FINALIT\u00c0 DEL TRATTAMENTO\nI dati personali sono trattati per:\na) Gestione delle prenotazioni (via email e WhatsApp)\nb) Risposta a richieste di informazioni\nc) Gestione operativa del servizio ristorante\nd) Adempimenti legali e fiscali\ne) Sicurezza e funzionamento del sito web\nf) Marketing diretto, previo consenso<br>\n4. UTILIZZO DI WHATSAPP\nLe comunicazioni tramite WhatsApp avvengono su base volontaria dell\u2019utente.\nIl servizio \u00e8 fornito da WhatsApp Ireland Ltd. \/ Meta Platforms, che potrebbe trattare i dati anche al di fuori dell\u2019Unione Europea.\nSi invita l\u2019utente a consultare l\u2019informativa privacy di WhatsApp.<br>\n5. BASE GIURIDICA DEL TRATTAMENTO\nIl trattamento si basa su:\nEsecuzione di un contratto o richiesta dell\u2019utente (prenotazioni)\nObblighi di legge\nLegittimo interesse (organizzazione del servizio e sicurezza)\nConsenso (marketing e cookie)<br>\n6. MODALIT\u00c0 DEL TRATTAMENTO\nIl trattamento avviene con strumenti informatici e cartacei, nel rispetto dei principi di sicurezza, riservatezza e minimizzazione dei dati.<br>\n7. CONSERVAZIONE DEI DATI\nI dati vengono conservati:\nPrenotazioni e contatti: fino a 24 mesi\nComunicazioni WhatsApp\/email: per il tempo necessario alla gestione del servizio\nDati legali\/fiscali: secondo obblighi di legge\nMarketing: fino a revoca del consenso<br>\n8. COMUNICAZIONE DEI DATI\nI dati possono essere comunicati a:\nfornitori IT e hosting\nservizi email e comunicazione\nconsulenti amministrativi e fiscali\nautorit\u00e0 competenti\nI dati non saranno diffusi n\u00e9 venduti.<br>\n9. TRASFERIMENTO EXTRA UE\nL\u2019utilizzo di servizi come WhatsApp e provider tecnologici pu\u00f2 comportare trasferimenti extra UE, effettuati nel rispetto del GDPR (es. clausole contrattuali standard).<br>\n10. DIRITTI DELL\u2019INTERESSATO\nL\u2019utente pu\u00f2 esercitare i seguenti diritti:\naccesso\nrettifica\ncancellazione\nlimitazione\nopposizione\nportabilit\u00e0\nrevoca del consenso\nRichieste a: info@ristoranteimbarcadero1892.com<br>\n11. RECLAMO\n\u00c8 possibile presentare reclamo al Garante per la Protezione dei Dati Personali.<br>\n12. NATURA DEL CONFERIMENTO\nObbligatorio per prenotazioni e richieste\nFacoltativo per marketing\nIl mancato conferimento pu\u00f2 impedire la gestione della richiesta.<br>\n13. COOKIE\nIl sito utilizza cookie tecnici e, previo consenso, cookie analitici e di profilazione.\nDettagli nella Cookie Policy.<br>\n14. MODIFICHE\nLa presente informativa pu\u00f2 essere aggiornata e pubblicata su questa pagina.\nDanioth S.r.l.<\/h2>\t\t\t\t<\/div>\n\t\t\t\t\t<\/div>\n\t\t\t\t<\/div>\n\t\t\t\t<\/div>\n\t\t\n    <div class=\"xs_social_share_widget xs_share_url after_content \t\tmain_content  wslu-style-1 wslu-share-box-shaped wslu-fill-colored wslu-none wslu-share-horizontal wslu-theme-font-no wslu-main_content\">\n\n\t\t\n        <ul>\n\t\t\t        <\/ul>\n    <\/div>","protected":false},"excerpt":{"rendered":"<p>Privacy Policy INFORMATIVA SULLA PRIVACY (Art. 13 e 14 Regolamento UE 2016\/679 \u2013 GDPR) Danioth S.r.l. Ultimo aggiornamento: Marzo 2026 1. TITOLARE DEL TRATTAMENTO Il Titolare del trattamento \u00e8: Danioth S.r.l. Email: info@ristoranteimbarcadero1892.com Telefono \/ WhatsApp: +39 351 693 9850 2. TIPOLOGIA DI DATI TRATTATI Il sito web e i canali di contatto possono raccogliere e trattare: Dati identificativi: nome, cognome Dati di contatto: email, numero di telefono Dati di prenotazione: data, orario, numero di persone, eventuali richieste Dati forniti volontariamente: tramite email, WhatsApp o form Dati di navigazione: indirizzo IP, informazioni su dispositivo e browser Cookie e tecnologie simili Eventuali informazioni su allergie o preferenze alimentari sono fornite volontariamente dall\u2019utente. 3. FINALIT\u00c0 DEL TRATTAMENTO I dati personali sono trattati per: a) Gestione delle prenotazioni (via email e WhatsApp) b) Risposta a richieste di informazioni c) Gestione operativa del servizio ristorante d) Adempimenti legali e fiscali e) Sicurezza e funzionamento del sito web f) Marketing diretto, previo consenso 4. UTILIZZO DI WHATSAPP Le comunicazioni tramite WhatsApp avvengono su base volontaria dell\u2019utente. Il servizio \u00e8 fornito da WhatsApp Ireland Ltd. \/ Meta Platforms, che potrebbe trattare i dati anche al di fuori dell\u2019Unione Europea. Si invita l\u2019utente a consultare l\u2019informativa privacy di WhatsApp. 5. BASE GIURIDICA DEL TRATTAMENTO Il trattamento si basa su: Esecuzione di un contratto o richiesta dell\u2019utente (prenotazioni) Obblighi di legge Legittimo interesse (organizzazione del servizio e sicurezza) Consenso (marketing e cookie) 6. MODALIT\u00c0 DEL TRATTAMENTO Il trattamento avviene con strumenti informatici e cartacei, nel rispetto dei principi di sicurezza, riservatezza e minimizzazione dei dati. 7. CONSERVAZIONE DEI DATI I dati vengono conservati: Prenotazioni e contatti: fino a 24 mesi Comunicazioni WhatsApp\/email: per il tempo necessario alla gestione del servizio Dati legali\/fiscali: secondo obblighi di legge Marketing: fino a revoca del consenso 8. COMUNICAZIONE DEI DATI I dati possono essere comunicati a: fornitori IT e hosting servizi email e comunicazione consulenti amministrativi e fiscali autorit\u00e0 competenti I dati non saranno diffusi n\u00e9 venduti. 9. TRASFERIMENTO EXTRA UE L\u2019utilizzo di servizi come WhatsApp e provider tecnologici pu\u00f2 comportare trasferimenti extra UE, effettuati nel rispetto del GDPR (es. clausole contrattuali standard). 10. DIRITTI DELL\u2019INTERESSATO L\u2019utente pu\u00f2 esercitare i seguenti diritti: accesso rettifica cancellazione limitazione opposizione portabilit\u00e0 revoca del consenso Richieste a: info@ristoranteimbarcadero1892.com 11. RECLAMO \u00c8 possibile presentare reclamo al Garante per la Protezione dei Dati Personali. 12. NATURA DEL CONFERIMENTO Obbligatorio per prenotazioni e richieste Facoltativo per marketing Il mancato conferimento pu\u00f2 impedire la gestione della richiesta. 13. COOKIE Il sito utilizza cookie tecnici e, previo consenso, cookie analitici e di profilazione. Dettagli nella Cookie Policy. 14. MODIFICHE La presente informativa pu\u00f2 essere aggiornata e pubblicata su questa pagina. Danioth S.r.l.<\/p>","protected":false},"author":2,"featured_media":0,"parent":0,"menu_order":0,"comment_status":"closed","ping_status":"closed","template":"elementor_canvas","meta":{"inline_featured_image":false,"postBodyCss":"","postBodyMargin":[],"postBodyPadding":[],"postBodyBackground":{"backgroundType":"classic","gradient":""},"two_page_speed":[],"footnotes":""},"class_list":["post-557","page","type-page","status-publish","hentry"],"yoast_head":"<!-- This site is optimized with the Yoast SEO plugin v27.5 - https:\/\/yoast.com\/product\/yoast-seo-wordpress\/ -->\n<title>Ristorante Imbarcadero 1892 - Lago di Como<\/title>\n<meta name=\"description\" content=\"Ristorante Imbarcadero 1892 sul Lago di Como: oltre un secolo di storia familiare e tradizione culinaria che incontra la modernit\u00e0. Cucina autentica e contemporanea in una location unica affacciata sul lago di Como.\" \/>\n<meta name=\"robots\" content=\"index, follow, max-snippet:-1, max-image-preview:large, max-video-preview:-1\" \/>\n<link rel=\"canonical\" href=\"https:\/\/ristoranteimbarcadero1892.com\/en\/privacy-policy\/\" \/>\n<meta property=\"og:locale\" content=\"en_GB\" \/>\n<meta property=\"og:type\" content=\"article\" \/>\n<meta property=\"og:title\" content=\"Ristorante Imbarcadero 1892 - Lago di Como\" \/>\n<meta property=\"og:description\" content=\"Ristorante Imbarcadero 1892 sul Lago di Como: oltre un secolo di storia familiare e tradizione culinaria che incontra la modernit\u00e0. Cucina autentica e contemporanea in una location unica affacciata sul lago di Como.\" \/>\n<meta property=\"og:url\" content=\"https:\/\/ristoranteimbarcadero1892.com\/en\/privacy-policy\/\" \/>\n<meta property=\"og:site_name\" content=\"Ristorante Imbarcadero 1892\" \/>\n<meta property=\"article:modified_time\" content=\"2026-03-29T13:40:24+00:00\" \/>\n<meta property=\"og:image\" content=\"https:\/\/s.w.org\/images\/core\/emoji\/17.0.2\/svg\/26a0.svg\" \/>\n<meta name=\"twitter:card\" content=\"summary_large_image\" \/>\n<meta name=\"twitter:label1\" content=\"Estimated reading time\" \/>\n\t<meta name=\"twitter:data1\" content=\"4 minutes\" \/>\n<script type=\"application\/ld+json\" class=\"yoast-schema-graph\">{\"@context\":\"https:\\\/\\\/schema.org\",\"@graph\":[{\"@type\":\"WebPage\",\"@id\":\"https:\\\/\\\/ristoranteimbarcadero1892.com\\\/privacy-policy\\\/\",\"url\":\"https:\\\/\\\/ristoranteimbarcadero1892.com\\\/privacy-policy\\\/\",\"name\":\"Ristorante Imbarcadero 1892 - Lago di Como\",\"isPartOf\":{\"@id\":\"https:\\\/\\\/ristoranteimbarcadero1892.com\\\/#website\"},\"primaryImageOfPage\":{\"@id\":\"https:\\\/\\\/ristoranteimbarcadero1892.com\\\/privacy-policy\\\/#primaryimage\"},\"image\":{\"@id\":\"https:\\\/\\\/ristoranteimbarcadero1892.com\\\/privacy-policy\\\/#primaryimage\"},\"thumbnailUrl\":\"https:\\\/\\\/s.w.org\\\/images\\\/core\\\/emoji\\\/17.0.2\\\/svg\\\/26a0.svg\",\"datePublished\":\"2026-03-29T12:49:43+00:00\",\"dateModified\":\"2026-03-29T13:40:24+00:00\",\"description\":\"Ristorante Imbarcadero 1892 sul Lago di Como: oltre un secolo di storia familiare e tradizione culinaria che incontra la modernit\u00e0. Cucina autentica e contemporanea in una location unica affacciata sul lago di Como.\",\"breadcrumb\":{\"@id\":\"https:\\\/\\\/ristoranteimbarcadero1892.com\\\/privacy-policy\\\/#breadcrumb\"},\"inLanguage\":\"en-GB\",\"potentialAction\":[{\"@type\":\"ReadAction\",\"target\":[\"https:\\\/\\\/ristoranteimbarcadero1892.com\\\/privacy-policy\\\/\"]}]},{\"@type\":\"ImageObject\",\"inLanguage\":\"en-GB\",\"@id\":\"https:\\\/\\\/ristoranteimbarcadero1892.com\\\/privacy-policy\\\/#primaryimage\",\"url\":\"https:\\\/\\\/s.w.org\\\/images\\\/core\\\/emoji\\\/17.0.2\\\/svg\\\/26a0.svg\",\"contentUrl\":\"https:\\\/\\\/s.w.org\\\/images\\\/core\\\/emoji\\\/17.0.2\\\/svg\\\/26a0.svg\"},{\"@type\":\"BreadcrumbList\",\"@id\":\"https:\\\/\\\/ristoranteimbarcadero1892.com\\\/privacy-policy\\\/#breadcrumb\",\"itemListElement\":[{\"@type\":\"ListItem\",\"position\":1,\"name\":\"Home\",\"item\":\"https:\\\/\\\/ristoranteimbarcadero1892.com\\\/\"},{\"@type\":\"ListItem\",\"position\":2,\"name\":\"Privacy Policy\"}]},{\"@type\":\"WebSite\",\"@id\":\"https:\\\/\\\/ristoranteimbarcadero1892.com\\\/#website\",\"url\":\"https:\\\/\\\/ristoranteimbarcadero1892.com\\\/\",\"name\":\"Ristorante Imbarcadero 1892\",\"description\":\"\",\"publisher\":{\"@id\":\"https:\\\/\\\/ristoranteimbarcadero1892.com\\\/#organization\"},\"potentialAction\":[{\"@type\":\"SearchAction\",\"target\":{\"@type\":\"EntryPoint\",\"urlTemplate\":\"https:\\\/\\\/ristoranteimbarcadero1892.com\\\/?s={search_term_string}\"},\"query-input\":{\"@type\":\"PropertyValueSpecification\",\"valueRequired\":true,\"valueName\":\"search_term_string\"}}],\"inLanguage\":\"en-GB\"},{\"@type\":\"Organization\",\"@id\":\"https:\\\/\\\/ristoranteimbarcadero1892.com\\\/#organization\",\"name\":\"Ristorante Imbarcadero 1892\",\"url\":\"https:\\\/\\\/ristoranteimbarcadero1892.com\\\/\",\"logo\":{\"@type\":\"ImageObject\",\"inLanguage\":\"en-GB\",\"@id\":\"https:\\\/\\\/ristoranteimbarcadero1892.com\\\/#\\\/schema\\\/logo\\\/image\\\/\",\"url\":\"https:\\\/\\\/ristoranteimbarcadero1892.com\\\/wp-content\\\/uploads\\\/2026\\\/03\\\/Screenshot-2026-01-20-191319-1-e1774775653429.png\",\"contentUrl\":\"https:\\\/\\\/ristoranteimbarcadero1892.com\\\/wp-content\\\/uploads\\\/2026\\\/03\\\/Screenshot-2026-01-20-191319-1-e1774775653429.png\",\"width\":561,\"height\":693,\"caption\":\"Ristorante Imbarcadero 1892\"},\"image\":{\"@id\":\"https:\\\/\\\/ristoranteimbarcadero1892.com\\\/#\\\/schema\\\/logo\\\/image\\\/\"}}]}<\/script>\n<!-- \/ Yoast SEO plugin. -->","yoast_head_json":{"title":"Ristorante Imbarcadero 1892 - Lago di Como","description":"Ristorante Imbarcadero 1892 sul Lago di Como: oltre un secolo di storia familiare e tradizione culinaria che incontra la modernit\u00e0. Cucina autentica e contemporanea in una location unica affacciata sul lago di Como.","robots":{"index":"index","follow":"follow","max-snippet":"max-snippet:-1","max-image-preview":"max-image-preview:large","max-video-preview":"max-video-preview:-1"},"canonical":"https:\/\/ristoranteimbarcadero1892.com\/en\/privacy-policy\/","og_locale":"en_GB","og_type":"article","og_title":"Ristorante Imbarcadero 1892 - Lago di Como","og_description":"Ristorante Imbarcadero 1892 sul Lago di Como: oltre un secolo di storia familiare e tradizione culinaria che incontra la modernit\u00e0. Cucina autentica e contemporanea in una location unica affacciata sul lago di Como.","og_url":"https:\/\/ristoranteimbarcadero1892.com\/en\/privacy-policy\/","og_site_name":"Ristorante Imbarcadero 1892","article_modified_time":"2026-03-29T13:40:24+00:00","og_image":[{"url":"https:\/\/s.w.org\/images\/core\/emoji\/17.0.2\/svg\/26a0.svg","type":"","width":"","height":""}],"twitter_card":"summary_large_image","twitter_misc":{"Estimated reading time":"4 minutes"},"schema":{"@context":"https:\/\/schema.org","@graph":[{"@type":"WebPage","@id":"https:\/\/ristoranteimbarcadero1892.com\/privacy-policy\/","url":"https:\/\/ristoranteimbarcadero1892.com\/privacy-policy\/","name":"Ristorante Imbarcadero 1892 - Lago di Como","isPartOf":{"@id":"https:\/\/ristoranteimbarcadero1892.com\/#website"},"primaryImageOfPage":{"@id":"https:\/\/ristoranteimbarcadero1892.com\/privacy-policy\/#primaryimage"},"image":{"@id":"https:\/\/ristoranteimbarcadero1892.com\/privacy-policy\/#primaryimage"},"thumbnailUrl":"https:\/\/s.w.org\/images\/core\/emoji\/17.0.2\/svg\/26a0.svg","datePublished":"2026-03-29T12:49:43+00:00","dateModified":"2026-03-29T13:40:24+00:00","description":"Ristorante Imbarcadero 1892 sul Lago di Como: oltre un secolo di storia familiare e tradizione culinaria che incontra la modernit\u00e0. Cucina autentica e contemporanea in una location unica affacciata sul lago di Como.","breadcrumb":{"@id":"https:\/\/ristoranteimbarcadero1892.com\/privacy-policy\/#breadcrumb"},"inLanguage":"en-GB","potentialAction":[{"@type":"ReadAction","target":["https:\/\/ristoranteimbarcadero1892.com\/privacy-policy\/"]}]},{"@type":"ImageObject","inLanguage":"en-GB","@id":"https:\/\/ristoranteimbarcadero1892.com\/privacy-policy\/#primaryimage","url":"https:\/\/s.w.org\/images\/core\/emoji\/17.0.2\/svg\/26a0.svg","contentUrl":"https:\/\/s.w.org\/images\/core\/emoji\/17.0.2\/svg\/26a0.svg"},{"@type":"BreadcrumbList","@id":"https:\/\/ristoranteimbarcadero1892.com\/privacy-policy\/#breadcrumb","itemListElement":[{"@type":"ListItem","position":1,"name":"Home","item":"https:\/\/ristoranteimbarcadero1892.com\/"},{"@type":"ListItem","position":2,"name":"Privacy Policy"}]},{"@type":"WebSite","@id":"https:\/\/ristoranteimbarcadero1892.com\/#website","url":"https:\/\/ristoranteimbarcadero1892.com\/","name":"Ristorante Imbarcadero 1892","description":"","publisher":{"@id":"https:\/\/ristoranteimbarcadero1892.com\/#organization"},"potentialAction":[{"@type":"SearchAction","target":{"@type":"EntryPoint","urlTemplate":"https:\/\/ristoranteimbarcadero1892.com\/?s={search_term_string}"},"query-input":{"@type":"PropertyValueSpecification","valueRequired":true,"valueName":"search_term_string"}}],"inLanguage":"en-GB"},{"@type":"Organization","@id":"https:\/\/ristoranteimbarcadero1892.com\/#organization","name":"Ristorante Imbarcadero 1892","url":"https:\/\/ristoranteimbarcadero1892.com\/","logo":{"@type":"ImageObject","inLanguage":"en-GB","@id":"https:\/\/ristoranteimbarcadero1892.com\/#\/schema\/logo\/image\/","url":"https:\/\/ristoranteimbarcadero1892.com\/wp-content\/uploads\/2026\/03\/Screenshot-2026-01-20-191319-1-e1774775653429.png","contentUrl":"https:\/\/ristoranteimbarcadero1892.com\/wp-content\/uploads\/2026\/03\/Screenshot-2026-01-20-191319-1-e1774775653429.png","width":561,"height":693,"caption":"Ristorante Imbarcadero 1892"},"image":{"@id":"https:\/\/ristoranteimbarcadero1892.com\/#\/schema\/logo\/image\/"}}]}},"_links":{"self":[{"href":"https:\/\/ristoranteimbarcadero1892.com\/en\/wp-json\/wp\/v2\/pages\/557","targetHints":{"allow":["GET"]}}],"collection":[{"href":"https:\/\/ristoranteimbarcadero1892.com\/en\/wp-json\/wp\/v2\/pages"}],"about":[{"href":"https:\/\/ristoranteimbarcadero1892.com\/en\/wp-json\/wp\/v2\/types\/page"}],"author":[{"embeddable":true,"href":"https:\/\/ristoranteimbarcadero1892.com\/en\/wp-json\/wp\/v2\/users\/2"}],"replies":[{"embeddable":true,"href":"https:\/\/ristoranteimbarcadero1892.com\/en\/wp-json\/wp\/v2\/comments?post=557"}],"version-history":[{"count":0,"href":"https:\/\/ristoranteimbarcadero1892.com\/en\/wp-json\/wp\/v2\/pages\/557\/revisions"}],"wp:attachment":[{"href":"https:\/\/ristoranteimbarcadero1892.com\/en\/wp-json\/wp\/v2\/media?parent=557"}],"curies":[{"name":"wp","href":"https:\/\/api.w.org\/{rel}","templated":true}]}}